{"id":499,"date":"2025-12-11T12:55:41","date_gmt":"2025-12-11T11:55:41","guid":{"rendered":"https:\/\/www.sklejkatrade.eu\/?page_id=499"},"modified":"2026-02-04T09:34:51","modified_gmt":"2026-02-04T08:34:51","slug":"expedition","status":"publish","type":"page","link":"https:\/\/www.sklejkatrade.eu\/fr\/expedition\/","title":{"rendered":"Exp\u00e9dition"},"content":{"rendered":"<section class=\"l-section wpb_row us_custom_ff98d3b9 page-header-product has_text_color height_medium with_img parallax_ver with_shape\"><div class=\"l-section-img\" role=\"img\" aria-label=\"Ci\u0119\u017car\u00f3wka jad\u0105ca drog\u0105 przez las\" data-img-width=\"1980\" data-img-height=\"800\" style=\"background-image: url(https:\/\/www.sklejkatrade.eu\/wp-content\/uploads\/2026\/02\/shipping-header.webp);background-position: bottom center;background-repeat: no-repeat;\"><\/div><div class=\"l-section-overlay\" style=\"background:rgba(255,255,255,0.1)\"><\/div><div class=\"l-section-shape type_custom pos_bottom\" style=\"height:fit-content;\"><img loading=\"lazy\" decoding=\"async\" width=\"1440\" height=\"54\" src=\"https:\/\/www.sklejkatrade.eu\/wp-content\/uploads\/2025\/12\/Exclude.png\" class=\"attachment-full size-full\" alt=\"h\u00e9ros rozdzielacz\" srcset=\"https:\/\/www.sklejkatrade.eu\/wp-content\/uploads\/2025\/12\/Exclude.png 1440w, https:\/\/www.sklejkatrade.eu\/wp-content\/uploads\/2025\/12\/Exclude-300x11.png 300w, https:\/\/www.sklejkatrade.eu\/wp-content\/uploads\/2025\/12\/Exclude-1024x38.png 1024w\" sizes=\"auto, (max-width: 1440px) 100vw, 1440px\" \/><\/div><div class=\"l-section-h i-cf\"><div class=\"g-cols vc_row via_flex valign_top type_default stacking_default\"><div class=\"vc_col-sm-12 wpb_column vc_column_container\"><div class=\"vc_column-inner us_custom_8cceadb7\"><div class=\"wpb_wrapper\"><div class=\"w-text us_custom_905ee592 has_text_color\"><span class=\"w-text-h\"><span class=\"w-text-value\">nous livrons<\/span><\/span><\/div><h1 class=\"w-text us_custom_905ee592 has_text_color\"><span class=\"w-text-h\"><span class=\"w-text-value\">dans le monde entier<\/span><\/span><\/h1><div class=\"w-image align_center\"><div class=\"w-image-h\"><img decoding=\"async\" width=\"106\" height=\"107\" src=\"https:\/\/www.sklejkatrade.eu\/wp-content\/uploads\/2025\/12\/globe-icon.png\" class=\"attachment-large size-large\" alt=\"Ikona globu\" loading=\"lazy\" \/><\/div><\/div><div class=\"w-separator size_small\"><\/div><nav class=\"g-breadcrumbs separator_custom align_center\" itemscope itemtype=\"http:\/\/schema.org\/BreadcrumbList\"><div class=\"g-breadcrumbs-item\" itemscope itemprop=\"itemListElement\" itemtype=\"http:\/\/schema.org\/ListItem\"><a itemprop=\"item\" href=\"https:\/\/www.sklejkatrade.eu\/fr\/\"><span itemprop=\"name\">Accueil<\/span><\/a><meta itemprop=\"position\" content=\"1\"\/><\/div><div class=\"g-breadcrumbs-separator\">\/<\/div><div class=\"g-breadcrumbs-item\">Pages<\/div><\/nav><\/div><\/div><\/div><\/div><\/div><\/section><section class=\"l-section wpb_row us_custom_120bf40f height_medium\"><div class=\"l-section-h i-cf\"><div class=\"g-cols vc_row via_flex valign_top type_default stacking_default\"><div class=\"vc_col-sm-12 wpb_column vc_column_container\"><div class=\"vc_column-inner\"><div class=\"wpb_wrapper\"><div class=\"w-text us_custom_11f4221f has_text_color\"><span class=\"w-text-h\"><span class=\"w-text-value\">Commandez votre contreplaqu\u00e9 en toute s\u00e9r\u00e9nit\u00e9<\/span><\/span><\/div><div class=\"w-text us_custom_cf50bcae has_text_color\"><span class=\"w-text-h\"><span class=\"w-text-value\">o\u00f9 que vous soyez, nous livrons.<\/span><\/span><\/div><div class=\"w-separator size_medium\"><\/div><div class=\"wpb_text_column us_custom_eb849559\"><div class=\"wpb_wrapper\"><p>Pour toute demande sp\u00e9cifique, contactez notre \u00e9quipe : nous vous proposerons la meilleure solution logistique pour livrer votre contreplaqu\u00e9.<br \/>\nau bon endroit, au bon moment.<\/p>\n<\/div><\/div><\/div><\/div><\/div><\/div><\/div><\/section><section class=\"l-section wpb_row shipping-information-section height_medium\"><div class=\"l-section-h i-cf\"><div class=\"g-cols vc_row via_flex valign_top type_default stacking_default\" style=\"--additional-gap:1rem;\"><div class=\"vc_col-sm-4 wpb_column vc_column_container\"><div class=\"vc_column-inner\"><div class=\"wpb_wrapper\"><div class=\"w-image us_custom_21161042 has_height align_center\"><div class=\"w-image-h\"><img decoding=\"async\" width=\"800\" height=\"800\" src=\"https:\/\/www.sklejkatrade.eu\/wp-content\/uploads\/2025\/12\/ciezarowka.webp\" class=\"attachment-full size-full\" alt=\"\" loading=\"lazy\" srcset=\"https:\/\/www.sklejkatrade.eu\/wp-content\/uploads\/2025\/12\/ciezarowka.webp 800w, https:\/\/www.sklejkatrade.eu\/wp-content\/uploads\/2025\/12\/ciezarowka-300x300.webp 300w, https:\/\/www.sklejkatrade.eu\/wp-content\/uploads\/2025\/12\/ciezarowka-150x150.webp 150w\" sizes=\"auto, (max-width: 800px) 100vw, 800px\" \/><\/div><\/div><h3 class=\"w-text us_custom_c314e366\"><span class=\"w-text-h\"><span class=\"w-text-value\">Le transport routier pour l'Europe<\/span><\/span><\/h3><div class=\"w-separator size_small\"><\/div><div class=\"wpb_text_column us_custom_eb849559\"><div class=\"wpb_wrapper\"><p>Nous livrons rapidement vos panneaux de contreplaqu\u00e9 par camion, directement sur vos chantiers, dans vos entrep\u00f4ts ou dans vos ateliers.Gr\u00e2ce \u00e0 notre r\u00e9seau de partenaires logistiques, nous garantissons des d\u00e9lais de livraison courts, une manutention efficace et une livraison s\u00e9curis\u00e9e, m\u00eame pour des dimensions sp\u00e9ciales ou des volumes importants.<\/p>\n<\/div><\/div><\/div><\/div><\/div><div class=\"vc_col-sm-4 wpb_column vc_column_container\"><div class=\"vc_column-inner\"><div class=\"wpb_wrapper\"><div class=\"w-image us_custom_21161042 has_height align_center\"><div class=\"w-image-h\"><img decoding=\"async\" width=\"800\" height=\"800\" src=\"https:\/\/www.sklejkatrade.eu\/wp-content\/uploads\/2025\/12\/statek-morski.webp\" class=\"attachment-full size-full\" alt=\"\" loading=\"lazy\" srcset=\"https:\/\/www.sklejkatrade.eu\/wp-content\/uploads\/2025\/12\/statek-morski.webp 800w, https:\/\/www.sklejkatrade.eu\/wp-content\/uploads\/2025\/12\/statek-morski-300x300.webp 300w, https:\/\/www.sklejkatrade.eu\/wp-content\/uploads\/2025\/12\/statek-morski-150x150.webp 150w\" sizes=\"auto, (max-width: 800px) 100vw, 800px\" \/><\/div><\/div><h3 class=\"w-text us_custom_c314e366\"><span class=\"w-text-h\"><span class=\"w-text-value\">Fret maritime pour les destinations internationales<\/span><\/span><\/h3><div class=\"w-separator size_small\"><\/div><div class=\"wpb_text_column us_custom_eb849559\"><div class=\"wpb_wrapper\"><p>Pour les envois en dehors de l'Europe, nous proposons une logistique optimis\u00e9e du fret maritime. Nous pr\u00e9parons vos commandes dans des emballages pr\u00eats pour l'exportation et organisons leur exp\u00e9dition par conteneur complet (FCL) ou moins d'un conteneur (LCL), en fonction de la quantit\u00e9 command\u00e9e.<\/p>\n<\/div><\/div><\/div><\/div><\/div><div class=\"vc_col-sm-4 wpb_column vc_column_container\"><div class=\"vc_column-inner\"><div class=\"wpb_wrapper\"><div class=\"w-image us_custom_21161042 has_height align_center\"><div class=\"w-image-h\"><img decoding=\"async\" width=\"800\" height=\"800\" src=\"https:\/\/www.sklejkatrade.eu\/wp-content\/uploads\/2025\/12\/kalkulator.webp\" class=\"attachment-full size-full\" alt=\"kalkulator\" loading=\"lazy\" srcset=\"https:\/\/www.sklejkatrade.eu\/wp-content\/uploads\/2025\/12\/kalkulator.webp 800w, https:\/\/www.sklejkatrade.eu\/wp-content\/uploads\/2025\/12\/kalkulator-300x300.webp 300w, https:\/\/www.sklejkatrade.eu\/wp-content\/uploads\/2025\/12\/kalkulator-150x150.webp 150w\" sizes=\"auto, (max-width: 800px) 100vw, 800px\" \/><\/div><\/div><h3 class=\"w-text us_custom_c314e366\"><span class=\"w-text-h\"><span class=\"w-text-value\">Co\u00fbts de transport personnalis\u00e9s<\/span><\/span><\/h3><div class=\"w-separator size_small\"><\/div><div class=\"wpb_text_column us_custom_eb849559\"><div class=\"wpb_wrapper\"><p>Nous savons que chaque projet est unique. C'est pourquoi nos frais de transport sont calcul\u00e9s en fonction de.. :<\/p>\n<ul>\n<li>La destination exacte (ville, port, pays)<\/li>\n<li>Le mode de transport (routier ou maritime)<\/li>\n<li>La quantit\u00e9 et le volume des panneaux command\u00e9s<\/li>\n<li>Tarifs logistiques actuels (conditions du march\u00e9, carburant, taxes, etc.)<\/li>\n<\/ul>\n<p>Cette approche personnalis\u00e9e vous garantit un tarif juste et optimis\u00e9, sans frais cach\u00e9s.<\/p>\n<\/div><\/div><\/div><\/div><\/div><\/div><\/div><\/section><section class=\"l-section wpb_row height_medium\"><div class=\"l-section-h i-cf\"><div class=\"g-cols vc_row via_flex valign_top type_default stacking_default\"><div class=\"vc_col-sm-6 wpb_column vc_column_container\"><div class=\"vc_column-inner\"><div class=\"wpb_wrapper\"><div class=\"wpb_text_column us_custom_f03ee871\"><div class=\"wpb_wrapper\"><h2>Pourquoi nous confier vos livraisons ?<\/h2>\n<\/div><\/div><\/div><\/div><\/div><div class=\"vc_col-sm-6 wpb_column vc_column_container\"><div class=\"vc_column-inner\"><div class=\"wpb_wrapper\"><div class=\"wpb_text_column\"><div class=\"wpb_wrapper\"><ul>\n<li>Capacit\u00e9 \u00e0 fournir des services dans le monde entier<\/li>\n<li>Un r\u00e9seau logistique fiable et s\u00fbr<\/li>\n<li>Transport adapt\u00e9 au volume et aux besoins sp\u00e9cifiques du bois<\/li>\n<li>Suivi des envois et assistance personnalis\u00e9e<\/li>\n<li>Devis rapide avec estimation des frais de port<\/li>\n<\/ul>\n<\/div><\/div><\/div><\/div><\/div><\/div><\/div><\/section>","protected":false},"excerpt":{"rendered":"we deliverall over the worldAccueil\/PagesOrder your plywood with peace of mindwherever you are, we deliver.For any specific request, contact our team: we will provide the best logistics solution to deliver your plywood to the right place, at the right time. Road transport\u2028for EuropeWe deliver your plywood panels quickly by truck, directly to your construction sites,...","protected":false},"author":1,"featured_media":1190,"parent":0,"menu_order":0,"comment_status":"closed","ping_status":"closed","template":"","meta":{"_acf_changed":false,"footnotes":""},"class_list":["post-499","page","type-page","status-publish","has-post-thumbnail","hentry"],"acf":[],"yoast_head":"<!-- This site is optimized with the Yoast SEO plugin v27.0 - https:\/\/yoast.com\/product\/yoast-seo-wordpress\/ -->\n<title>Shipping - Sklejka Trade<\/title>\n<meta name=\"robots\" content=\"index, follow, max-snippet:-1, max-image-preview:large, max-video-preview:-1\" \/>\n<link rel=\"canonical\" href=\"https:\/\/www.sklejkatrade.eu\/fr\/expedition\/\" \/>\n<meta property=\"og:locale\" content=\"fr_FR\" \/>\n<meta property=\"og:type\" content=\"article\" \/>\n<meta property=\"og:title\" content=\"Shipping - Sklejka Trade\" \/>\n<meta property=\"og:url\" content=\"https:\/\/www.sklejkatrade.eu\/fr\/expedition\/\" \/>\n<meta property=\"og:site_name\" content=\"Sklejka Trade\" \/>\n<meta property=\"article:modified_time\" content=\"2026-02-04T08:34:51+00:00\" \/>\n<meta property=\"og:image\" content=\"https:\/\/www.sklejkatrade.eu\/wp-content\/uploads\/2026\/02\/shipping-header.webp\" \/>\n\t<meta property=\"og:image:width\" content=\"1980\" \/>\n\t<meta property=\"og:image:height\" content=\"800\" \/>\n\t<meta property=\"og:image:type\" content=\"image\/webp\" \/>\n<meta name=\"twitter:card\" content=\"summary_large_image\" \/>\n<meta name=\"twitter:label1\" content=\"Dur\u00e9e de lecture estim\u00e9e\" \/>\n\t<meta name=\"twitter:data1\" content=\"2 minutes\" \/>\n<script type=\"application\/ld+json\" class=\"yoast-schema-graph\">{\"@context\":\"https:\/\/schema.org\",\"@graph\":[{\"@type\":\"WebPage\",\"@id\":\"https:\/\/www.sklejkatrade.eu\/shipping\/\",\"url\":\"https:\/\/www.sklejkatrade.eu\/shipping\/\",\"name\":\"Shipping - Sklejka Trade\",\"isPartOf\":{\"@id\":\"https:\/\/www.sklejkatrade.eu\/#website\"},\"primaryImageOfPage\":{\"@id\":\"https:\/\/www.sklejkatrade.eu\/shipping\/#primaryimage\"},\"image\":{\"@id\":\"https:\/\/www.sklejkatrade.eu\/shipping\/#primaryimage\"},\"thumbnailUrl\":\"https:\/\/www.sklejkatrade.eu\/wp-content\/uploads\/2026\/02\/shipping-header.webp\",\"datePublished\":\"2025-12-11T11:55:41+00:00\",\"dateModified\":\"2026-02-04T08:34:51+00:00\",\"breadcrumb\":{\"@id\":\"https:\/\/www.sklejkatrade.eu\/shipping\/#breadcrumb\"},\"inLanguage\":\"fr-FR\",\"potentialAction\":[{\"@type\":\"ReadAction\",\"target\":[\"https:\/\/www.sklejkatrade.eu\/shipping\/\"]}]},{\"@type\":\"ImageObject\",\"inLanguage\":\"fr-FR\",\"@id\":\"https:\/\/www.sklejkatrade.eu\/shipping\/#primaryimage\",\"url\":\"https:\/\/www.sklejkatrade.eu\/wp-content\/uploads\/2026\/02\/shipping-header.webp\",\"contentUrl\":\"https:\/\/www.sklejkatrade.eu\/wp-content\/uploads\/2026\/02\/shipping-header.webp\",\"width\":1980,\"height\":800,\"caption\":\"Ci\u0119\u017car\u00f3wka jad\u0105ca drog\u0105 przez las\"},{\"@type\":\"BreadcrumbList\",\"@id\":\"https:\/\/www.sklejkatrade.eu\/shipping\/#breadcrumb\",\"itemListElement\":[{\"@type\":\"ListItem\",\"position\":1,\"name\":\"Strona g\u0142\u00f3wna\",\"item\":\"https:\/\/www.sklejkatrade.eu\/\"},{\"@type\":\"ListItem\",\"position\":2,\"name\":\"Shipping\"}]},{\"@type\":\"WebSite\",\"@id\":\"https:\/\/www.sklejkatrade.eu\/#website\",\"url\":\"https:\/\/www.sklejkatrade.eu\/\",\"name\":\"Sklejka Bia\u0142ystok | Sklejka Trade\",\"description\":\"\",\"publisher\":{\"@id\":\"https:\/\/www.sklejkatrade.eu\/#organization\"},\"potentialAction\":[{\"@type\":\"SearchAction\",\"target\":{\"@type\":\"EntryPoint\",\"urlTemplate\":\"https:\/\/www.sklejkatrade.eu\/?s={search_term_string}\"},\"query-input\":{\"@type\":\"PropertyValueSpecification\",\"valueRequired\":true,\"valueName\":\"search_term_string\"}}],\"inLanguage\":\"fr-FR\"},{\"@type\":\"Organization\",\"@id\":\"https:\/\/www.sklejkatrade.eu\/#organization\",\"name\":\"Sklejka Bia\u0142ystok | Sklejka Trade\",\"url\":\"https:\/\/www.sklejkatrade.eu\/\",\"logo\":{\"@type\":\"ImageObject\",\"inLanguage\":\"fr-FR\",\"@id\":\"https:\/\/www.sklejkatrade.eu\/#\/schema\/logo\/image\/\",\"url\":\"https:\/\/www.sklejkatrade.eu\/wp-content\/uploads\/2025\/12\/sklejka-logo-red.png\",\"contentUrl\":\"https:\/\/www.sklejkatrade.eu\/wp-content\/uploads\/2025\/12\/sklejka-logo-red.png\",\"width\":284,\"height\":319,\"caption\":\"Sklejka Bia\u0142ystok | Sklejka Trade\"},\"image\":{\"@id\":\"https:\/\/www.sklejkatrade.eu\/#\/schema\/logo\/image\/\"}}]}<\/script>\n<!-- \/ Yoast SEO plugin. -->","yoast_head_json":{"title":"Transport maritime - Sklejka Trade","robots":{"index":"index","follow":"follow","max-snippet":"max-snippet:-1","max-image-preview":"max-image-preview:large","max-video-preview":"max-video-preview:-1"},"canonical":"https:\/\/www.sklejkatrade.eu\/fr\/expedition\/","og_locale":"fr_FR","og_type":"article","og_title":"Shipping - Sklejka Trade","og_url":"https:\/\/www.sklejkatrade.eu\/fr\/expedition\/","og_site_name":"Sklejka Trade","article_modified_time":"2026-02-04T08:34:51+00:00","og_image":[{"width":1980,"height":800,"url":"https:\/\/www.sklejkatrade.eu\/wp-content\/uploads\/2026\/02\/shipping-header.webp","type":"image\/webp"}],"twitter_card":"summary_large_image","twitter_misc":{"Dur\u00e9e de lecture estim\u00e9e":"2 minutes"},"schema":{"@context":"https:\/\/schema.org","@graph":[{"@type":"WebPage","@id":"https:\/\/www.sklejkatrade.eu\/shipping\/","url":"https:\/\/www.sklejkatrade.eu\/shipping\/","name":"Transport maritime - Sklejka Trade","isPartOf":{"@id":"https:\/\/www.sklejkatrade.eu\/#website"},"primaryImageOfPage":{"@id":"https:\/\/www.sklejkatrade.eu\/shipping\/#primaryimage"},"image":{"@id":"https:\/\/www.sklejkatrade.eu\/shipping\/#primaryimage"},"thumbnailUrl":"https:\/\/www.sklejkatrade.eu\/wp-content\/uploads\/2026\/02\/shipping-header.webp","datePublished":"2025-12-11T11:55:41+00:00","dateModified":"2026-02-04T08:34:51+00:00","breadcrumb":{"@id":"https:\/\/www.sklejkatrade.eu\/shipping\/#breadcrumb"},"inLanguage":"fr-FR","potentialAction":[{"@type":"ReadAction","target":["https:\/\/www.sklejkatrade.eu\/shipping\/"]}]},{"@type":"ImageObject","inLanguage":"fr-FR","@id":"https:\/\/www.sklejkatrade.eu\/shipping\/#primaryimage","url":"https:\/\/www.sklejkatrade.eu\/wp-content\/uploads\/2026\/02\/shipping-header.webp","contentUrl":"https:\/\/www.sklejkatrade.eu\/wp-content\/uploads\/2026\/02\/shipping-header.webp","width":1980,"height":800,"caption":"Ci\u0119\u017car\u00f3wka jad\u0105ca drog\u0105 przez las"},{"@type":"BreadcrumbList","@id":"https:\/\/www.sklejkatrade.eu\/shipping\/#breadcrumb","itemListElement":[{"@type":"ListItem","position":1,"name":"Strona g\u0142\u00f3wna","item":"https:\/\/www.sklejkatrade.eu\/"},{"@type":"ListItem","position":2,"name":"Shipping"}]},{"@type":"WebSite","@id":"https:\/\/www.sklejkatrade.eu\/#website","url":"https:\/\/www.sklejkatrade.eu\/","name":"Sklejka Bia\u0142ystok | Sklejka Trade","description":"","publisher":{"@id":"https:\/\/www.sklejkatrade.eu\/#organization"},"potentialAction":[{"@type":"SearchAction","target":{"@type":"EntryPoint","urlTemplate":"https:\/\/www.sklejkatrade.eu\/?s={search_term_string}"},"query-input":{"@type":"PropertyValueSpecification","valueRequired":true,"valueName":"search_term_string"}}],"inLanguage":"fr-FR"},{"@type":"Organization","@id":"https:\/\/www.sklejkatrade.eu\/#organization","name":"Sklejka Bia\u0142ystok | Sklejka Trade","url":"https:\/\/www.sklejkatrade.eu\/","logo":{"@type":"ImageObject","inLanguage":"fr-FR","@id":"https:\/\/www.sklejkatrade.eu\/#\/schema\/logo\/image\/","url":"https:\/\/www.sklejkatrade.eu\/wp-content\/uploads\/2025\/12\/sklejka-logo-red.png","contentUrl":"https:\/\/www.sklejkatrade.eu\/wp-content\/uploads\/2025\/12\/sklejka-logo-red.png","width":284,"height":319,"caption":"Sklejka Bia\u0142ystok | Sklejka Trade"},"image":{"@id":"https:\/\/www.sklejkatrade.eu\/#\/schema\/logo\/image\/"}}]}},"_links":{"self":[{"href":"https:\/\/www.sklejkatrade.eu\/fr\/wp-json\/wp\/v2\/pages\/499","targetHints":{"allow":["GET"]}}],"collection":[{"href":"https:\/\/www.sklejkatrade.eu\/fr\/wp-json\/wp\/v2\/pages"}],"about":[{"href":"https:\/\/www.sklejkatrade.eu\/fr\/wp-json\/wp\/v2\/types\/page"}],"author":[{"embeddable":true,"href":"https:\/\/www.sklejkatrade.eu\/fr\/wp-json\/wp\/v2\/users\/1"}],"replies":[{"embeddable":true,"href":"https:\/\/www.sklejkatrade.eu\/fr\/wp-json\/wp\/v2\/comments?post=499"}],"version-history":[{"count":23,"href":"https:\/\/www.sklejkatrade.eu\/fr\/wp-json\/wp\/v2\/pages\/499\/revisions"}],"predecessor-version":[{"id":1198,"href":"https:\/\/www.sklejkatrade.eu\/fr\/wp-json\/wp\/v2\/pages\/499\/revisions\/1198"}],"wp:featuredmedia":[{"embeddable":true,"href":"https:\/\/www.sklejkatrade.eu\/fr\/wp-json\/wp\/v2\/media\/1190"}],"wp:attachment":[{"href":"https:\/\/www.sklejkatrade.eu\/fr\/wp-json\/wp\/v2\/media?parent=499"}],"curies":[{"name":"wp","href":"https:\/\/api.w.org\/{rel}","templated":true}]}}